{"id":78,"date":"2020-07-05T16:32:46","date_gmt":"2020-07-05T14:32:46","guid":{"rendered":"http:\/\/repaircafe.3d-assist.com\/?page_id=78"},"modified":"2025-02-14T13:29:59","modified_gmt":"2025-02-14T12:29:59","slug":"mitmachen-mitmachen","status":"publish","type":"page","link":"https:\/\/repaircafemainz.org\/?page_id=78","title":{"rendered":"Mitmachen"},"content":{"rendered":"\n<p class=\"has-large-font-size\">Wir freuen uns \u00fcber alle, die sich in unserem Team ehrenamtlich engagieren m\u00f6chten! Ob direkt in den spannenden Teilprojekten des Repair Caf\u00e9s oder hinter den Kulissen \u2013 bei uns gibt es immer etwas zu tun. Sei es der Auf- und Abbau bei Veranstaltungen, das Entwerfen von Flyern und Materialien oder die Unterst\u00fctzung in der Organisation \u2013 deine Hilfe ist willkommen! Wenn Du Lust hast, mitzumachen, kannst Du gerne Mitglied in unserem Verein werden \u2013 das ist jedoch keine Voraussetzung. Den Mitgliedsantrag findest Du <a href=\"http:\/\/repaircafemainz.org\/wp-content\/uploads\/2025\/02\/Mitgliedsanmeldung_G_2024-01.pdf\">hier<\/a>.<\/p>\n\n\n\n<p class=\"has-large-font-size\">Wir sind auch immer offen f\u00fcr neue Ideen und freuen uns, wenn Du uns bei der Entwicklung weiterer Angebote unterst\u00fctzt. Melde Dich einfach bei Interesse per E-Mail an <a>info@RepairCafeMainz.de<\/a> bei unserem Vorstand oder dem Orgateam.<\/p>\n\n\n<div class=\"wp-block-image\">\n<figure class=\"aligncenter size-full is-resized\"><img fetchpriority=\"high\" decoding=\"async\" width=\"297\" height=\"298\" src=\"http:\/\/repaircafemainz.org\/wp-content\/uploads\/2024\/10\/grafik.png\" alt=\"\" class=\"wp-image-1008\" style=\"width:411px;height:auto\" srcset=\"https:\/\/repaircafemainz.org\/wp-content\/uploads\/2024\/10\/grafik.png 297w, https:\/\/repaircafemainz.org\/wp-content\/uploads\/2024\/10\/grafik-150x150.png 150w\" sizes=\"(max-width: 297px) 100vw, 297px\" \/><\/figure><\/div>\n\n\n<p class=\"has-large-font-size\">Um die Arbeit im Repair Caf\u00e9 weiterhin zu erm\u00f6glichen und auszubauen, freuen wir uns \u00fcber jede Spende. Ersatzteile, Werkzeuge und neue Ger\u00e4te kosten Geld \u2013 jede Unterst\u00fctzung hilft uns, unser Angebot zu verbessern und noch mehr Projekte zu realisieren. <\/p>\n\n\n\n<p class=\"has-large-font-size\"><strong>Unsere Kontoverbindung:<\/strong><br>Kontoinhaber: Repair Caf\u00e9 Mainz<br>IBAN: DE18 8306 5408 0005 3368 56<br>BIC: GENO DEF1 SLR<\/p>\n","protected":false},"excerpt":{"rendered":"<p>Wir freuen uns \u00fcber alle, die sich in unserem Team ehrenamtlich engagieren m\u00f6chten! Ob direkt in den spannenden Teilprojekten des Repair Caf\u00e9s oder hinter den Kulissen \u2013 bei uns gibt es immer etwas zu tun. Sei es der Auf- und Abbau bei Veranstaltungen, das Entwerfen von Flyern und Materialien oder die Unterst\u00fctzung in der Organisation \u2013 deine Hilfe ist willkommen! Wenn Du Lust hast, mitzumachen, kannst Du gerne Mitglied in unserem Verein werden \u2013 das ist jedoch keine Voraussetzung. Den Mitgliedsantrag findest Du hier. Wir sind auch immer offen f\u00fcr neue Ideen und freuen uns, wenn Du uns bei der Entwicklung weiterer Angebote unterst\u00fctzt. Melde Dich einfach bei Interesse per E-Mail an info@RepairCafeMainz.de bei unserem Vorstand oder dem Orgateam. Um die Arbeit im Repair Caf\u00e9 weiterhin zu erm\u00f6glichen und auszubauen, freuen wir uns \u00fcber jede Spende. Ersatzteile, Werkzeuge und neue Ger\u00e4te kosten Geld \u2013 jede Unterst\u00fctzung hilft uns, unser Angebot zu verbessern und noch mehr Projekte zu realisieren. Unsere Kontoverbindung:Kontoinhaber: Repair Caf\u00e9 MainzIBAN: DE18 8306 5408 0005 3368 56BIC: GENO DEF1 SLR<\/p>\n","protected":false},"author":1,"featured_media":0,"parent":0,"menu_order":0,"comment_status":"closed","ping_status":"closed","template":"","meta":{"footnotes":""},"class_list":["post-78","page","type-page","status-publish","hentry"],"_links":{"self":[{"href":"https:\/\/repaircafemainz.org\/index.php?rest_route=\/wp\/v2\/pages\/78","targetHints":{"allow":["GET"]}}],"collection":[{"href":"https:\/\/repaircafemainz.org\/index.php?rest_route=\/wp\/v2\/pages"}],"about":[{"href":"https:\/\/repaircafemainz.org\/index.php?rest_route=\/wp\/v2\/types\/page"}],"author":[{"embeddable":true,"href":"https:\/\/repaircafemainz.org\/index.php?rest_route=\/wp\/v2\/users\/1"}],"replies":[{"embeddable":true,"href":"https:\/\/repaircafemainz.org\/index.php?rest_route=%2Fwp%2Fv2%2Fcomments&post=78"}],"version-history":[{"count":13,"href":"https:\/\/repaircafemainz.org\/index.php?rest_route=\/wp\/v2\/pages\/78\/revisions"}],"predecessor-version":[{"id":1052,"href":"https:\/\/repaircafemainz.org\/index.php?rest_route=\/wp\/v2\/pages\/78\/revisions\/1052"}],"wp:attachment":[{"href":"https:\/\/repaircafemainz.org\/index.php?rest_route=%2Fwp%2Fv2%2Fmedia&parent=78"}],"curies":[{"name":"wp","href":"https:\/\/api.w.org\/{rel}","templated":true}]}}