{"id":171,"date":"2020-07-18T21:03:40","date_gmt":"2020-07-18T21:03:40","guid":{"rendered":"http:\/\/repaircafe.3d-assist.com\/?page_id=171"},"modified":"2022-10-02T12:48:17","modified_gmt":"2022-10-02T10:48:17","slug":"sammelaktionen","status":"publish","type":"page","link":"https:\/\/repaircafemainz.org\/?page_id=171","title":{"rendered":"Sammelaktionen"},"content":{"rendered":"\n<p class=\"has-large-font-size\">Wir sammeln gut erhaltene (wenn auch ggf. reparaturbed\u00fcrftige) &#8230;<br><br>&#8211; Fahrr\u00e4der<br>&#8211; Dreir\u00e4der<br>&#8211; Kinderwagen<br>&#8211; Computer<br>&#8211; Laptops<br>&#8211; Tablets<br>&#8211; Handys<br>&#8211; Bilderb\u00fccher<br>&#8211; Spielzeuge<\/p>\n\n\n\n<p class=\"has-large-font-size\">&#8230; zur Weitergabe an Bed\u00fcrftige mit kleinem Geldbeutel. Bei&nbsp;Fragen wenden Sie sich bitte per Mail an uns unter der Adresse&nbsp;<a rel=\"noreferrer noopener\" target=\"_blank\" href=\"mailto:info@RepairCafeMainz.de\">info@RepairCafeMainz.de<\/a>.&nbsp;<\/p>\n","protected":false},"excerpt":{"rendered":"<p>Wir sammeln gut erhaltene (wenn auch ggf. reparaturbed\u00fcrftige) &#8230; &#8211; Fahrr\u00e4der&#8211; Dreir\u00e4der&#8211; Kinderwagen&#8211; Computer&#8211; Laptops&#8211; Tablets&#8211; Handys&#8211; Bilderb\u00fccher&#8211; Spielzeuge &#8230; zur Weitergabe an Bed\u00fcrftige mit kleinem Geldbeutel. Bei&nbsp;Fragen wenden Sie sich bitte per Mail an uns unter der Adresse&nbsp;info@RepairCafeMainz.de.&nbsp;<\/p>\n","protected":false},"author":1,"featured_media":0,"parent":0,"menu_order":0,"comment_status":"closed","ping_status":"closed","template":"","meta":{"footnotes":""},"class_list":["post-171","page","type-page","status-publish","hentry"],"_links":{"self":[{"href":"https:\/\/repaircafemainz.org\/index.php?rest_route=\/wp\/v2\/pages\/171","targetHints":{"allow":["GET"]}}],"collection":[{"href":"https:\/\/repaircafemainz.org\/index.php?rest_route=\/wp\/v2\/pages"}],"about":[{"href":"https:\/\/repaircafemainz.org\/index.php?rest_route=\/wp\/v2\/types\/page"}],"author":[{"embeddable":true,"href":"https:\/\/repaircafemainz.org\/index.php?rest_route=\/wp\/v2\/users\/1"}],"replies":[{"embeddable":true,"href":"https:\/\/repaircafemainz.org\/index.php?rest_route=%2Fwp%2Fv2%2Fcomments&post=171"}],"version-history":[{"count":5,"href":"https:\/\/repaircafemainz.org\/index.php?rest_route=\/wp\/v2\/pages\/171\/revisions"}],"predecessor-version":[{"id":731,"href":"https:\/\/repaircafemainz.org\/index.php?rest_route=\/wp\/v2\/pages\/171\/revisions\/731"}],"wp:attachment":[{"href":"https:\/\/repaircafemainz.org\/index.php?rest_route=%2Fwp%2Fv2%2Fmedia&parent=171"}],"curies":[{"name":"wp","href":"https:\/\/api.w.org\/{rel}","templated":true}]}}