{"id":167,"date":"2020-07-18T21:02:41","date_gmt":"2020-07-18T21:02:41","guid":{"rendered":"http:\/\/repaircafe.3d-assist.com\/?page_id=167"},"modified":"2023-04-21T14:42:21","modified_gmt":"2023-04-21T12:42:21","slug":"3d-druck","status":"publish","type":"page","link":"https:\/\/repaircafemainz.org\/?page_id=167","title":{"rendered":"3D-Druck"},"content":{"rendered":"\n<p class=\"has-large-font-size\">Der 3D-Druck bzw. die additive Fertigung ist derzeit eine immer mehr beachtete M\u00f6glichkeit zur Herstellung von Ersatzteilen. Mit einem 3D-Drucker k\u00f6nnen die verschiedensten Bauteile hergestellt werden. F\u00fcr die Herstellung sind unterschiedliche Materialien und Herstellungsverfahren m\u00f6glich.<\/p>\n\n\n\n<p class=\"has-large-font-size\">Im Repair Caf\u00e9 Mainz setzen wir einen einfachen FDM (Fused Deposition Modeling) Drucker ein. Dieser Drucker arbeitet im sogenannten Schmelzschichtverfahren. Das hei\u00dft, ein Kunststoffdraht wird geschmolzen und Schicht f\u00fcr Schicht zu einem neuen Bauteil zusammengef\u00fcgt. Wir haben damit bereits Zugentlastungen, Namensschilder, Zahnr\u00e4der und vieles mehr hergestellt und f\u00fcr die Reparatur von defekten Ger\u00e4ten verwendet.<\/p>\n\n\n\n<p class=\"has-large-font-size\"><strong>Neugierig geworden? <\/strong>Wir informieren im Repair Caf\u00e9 \u00fcber die Einsatzm\u00f6glichkeiten von 3D-Druck , erkl\u00e4ren den gesamten Herstellungsablauf, diskutieren \u00fcber neue Ideen &nbsp;und produzieren nat\u00fcrlich auch Ersatzteile f\u00fcr den Reparaturbetrieb.<\/p>\n","protected":false},"excerpt":{"rendered":"<p>Der 3D-Druck bzw. die additive Fertigung ist derzeit eine immer mehr beachtete M\u00f6glichkeit zur Herstellung von Ersatzteilen. Mit einem 3D-Drucker k\u00f6nnen die verschiedensten Bauteile hergestellt werden. F\u00fcr die Herstellung sind unterschiedliche Materialien und Herstellungsverfahren m\u00f6glich. Im Repair Caf\u00e9 Mainz setzen wir einen einfachen FDM (Fused Deposition Modeling) Drucker ein. Dieser Drucker arbeitet im sogenannten Schmelzschichtverfahren. Das hei\u00dft, ein Kunststoffdraht wird geschmolzen und Schicht f\u00fcr Schicht zu einem neuen Bauteil zusammengef\u00fcgt. Wir haben damit bereits Zugentlastungen, Namensschilder, Zahnr\u00e4der und vieles mehr hergestellt und f\u00fcr die Reparatur von defekten Ger\u00e4ten verwendet. Neugierig geworden? Wir informieren im Repair Caf\u00e9 \u00fcber die Einsatzm\u00f6glichkeiten von 3D-Druck , erkl\u00e4ren den gesamten Herstellungsablauf, diskutieren \u00fcber neue Ideen &nbsp;und produzieren nat\u00fcrlich auch Ersatzteile f\u00fcr den Reparaturbetrieb.<\/p>\n","protected":false},"author":1,"featured_media":0,"parent":0,"menu_order":0,"comment_status":"closed","ping_status":"closed","template":"","meta":{"footnotes":""},"class_list":["post-167","page","type-page","status-publish","hentry"],"_links":{"self":[{"href":"https:\/\/repaircafemainz.org\/index.php?rest_route=\/wp\/v2\/pages\/167","targetHints":{"allow":["GET"]}}],"collection":[{"href":"https:\/\/repaircafemainz.org\/index.php?rest_route=\/wp\/v2\/pages"}],"about":[{"href":"https:\/\/repaircafemainz.org\/index.php?rest_route=\/wp\/v2\/types\/page"}],"author":[{"embeddable":true,"href":"https:\/\/repaircafemainz.org\/index.php?rest_route=\/wp\/v2\/users\/1"}],"replies":[{"embeddable":true,"href":"https:\/\/repaircafemainz.org\/index.php?rest_route=%2Fwp%2Fv2%2Fcomments&post=167"}],"version-history":[{"count":5,"href":"https:\/\/repaircafemainz.org\/index.php?rest_route=\/wp\/v2\/pages\/167\/revisions"}],"predecessor-version":[{"id":857,"href":"https:\/\/repaircafemainz.org\/index.php?rest_route=\/wp\/v2\/pages\/167\/revisions\/857"}],"wp:attachment":[{"href":"https:\/\/repaircafemainz.org\/index.php?rest_route=%2Fwp%2Fv2%2Fmedia&parent=167"}],"curies":[{"name":"wp","href":"https:\/\/api.w.org\/{rel}","templated":true}]}}