{"id":163,"date":"2020-07-18T21:03:20","date_gmt":"2020-07-18T21:03:20","guid":{"rendered":"http:\/\/repaircafe.3d-assist.com\/?page_id=163"},"modified":"2025-01-21T15:27:53","modified_gmt":"2025-01-21T14:27:53","slug":"kleidertausch","status":"publish","type":"page","link":"https:\/\/repaircafemainz.org\/?page_id=163","title":{"rendered":"Kleidertausch"},"content":{"rendered":"\n<p class=\"has-large-font-size\">Bein Kleidertausch geht es darum, Kleidung ein zweites Leben einzuhauchen und wir bieten euch hier die M\u00f6glichkeit, nach Lust und Laune neue Teile ohne schlechtes Gewissen auszusuchen und eure Kleiderschrankleichen loszuwerden. Es muss nicht immer eins zu eins sein, aber wir freuen uns nat\u00fcrlich, wenn reger Tausch in unseren Kleiderschr\u00e4nken stattfindet. Egal ob Babyklamotten oder der alte Wintermantel von der Oma, wir nehmen<strong> alles an saisonaler Kleidung<\/strong> an! Achtet allerdings nur darauf, dass alles<strong> in gutem Zustand<\/strong> ist (ohne Mottenl\u00f6cher oder Flecken zum Beispiel), am besten schon <strong>gewaschen<\/strong>. Wenn es kein Schildchen mehr hat, kein Problem. Gerne k\u00f6nnt ihr auch Schuhe und Taschen zu uns bringen.<\/p>\n\n\n\n<p class=\"has-large-font-size\">Bei uns gibt&#8217;s selbstverst\u00e4ndlich eine Umkleidekabine und auch Spiegel, damit ihr sehen k\u00f6nnt, was f\u00fcr einen sch\u00f6nen Hintern die Jeans macht ;).<\/p>\n\n\n\n<p class=\"has-large-font-size\">Danke f\u00fcr euren Beitrag f\u00fcr eine nachhaltige Zukunft!<\/p>\n\n\n\n<p class=\"has-large-font-size\">Und weil diese Frage oft gestellt wird: Der Kleidertausch ist fester Bestandteil des Repair Caf\u00e9 Mainz &#8211; wenn ein Reparaturtermin stattfindet, dann k\u00f6nnt ihr auch den Kleidertausch besuchen.<\/p>\n\n\n\n<p class=\"has-large-font-size\">F\u00fcnf Gr\u00fcnde, warum tauschen besser ist als wegwerfen:<\/p>\n\n\n\n<p class=\"has-large-font-size\">1.\u2002Die Nachhaltigkeitsversprechen von 59% aller Modelabels sind gelogen.<\/p>\n\n\n\n<p class=\"has-large-font-size\">2.\u2002Jedes Jahr werden pro Mensch auf der Erde 14 Kleidungsst\u00fccke produziert und Modefirmen bringen jede dritte Woche eine neue Kollektion heraus.<\/p>\n\n\n\n<p class=\"has-large-font-size\">3. \u00dcber 85% aller produzierten Kleidung landet im M\u00fcll oder wird verbrannt.<\/p>\n\n\n\n<p class=\"has-large-font-size\">4. Die Modeindustrie verursacht mehr Umweltverschmutzung als Schiff- und Luftfahrt.<\/p>\n\n\n\n<p class=\"has-large-font-size\">5. 60% unserer Kleidung ist aus plastikbasierten Fasern (Polyester, Elasthan etc.).<\/p>\n\n\n\n<p class=\"has-large-font-size\">Wer also seinen \u00f6kologischen Fu\u00dfabdruck reduzieren und Plastik sparen will, der tauscht oder shoppt secondhand, statt wegzuwerfen und neu zu kaufen.<\/p>\n\n\n\n<p class=\"has-large-font-size\">Quelle: <a href=\"https:\/\/earth.org\/fast-fashion-facts\/\">https:\/\/earth.org\/fast-fashion-facts\/<\/a><\/p>\n","protected":false},"excerpt":{"rendered":"<p>Bein Kleidertausch geht es darum, Kleidung ein zweites Leben einzuhauchen und wir bieten euch hier die M\u00f6glichkeit, nach Lust und Laune neue Teile ohne schlechtes Gewissen auszusuchen und eure Kleiderschrankleichen loszuwerden. Es muss nicht immer eins zu eins sein, aber wir freuen uns nat\u00fcrlich, wenn reger Tausch in unseren Kleiderschr\u00e4nken stattfindet. Egal ob Babyklamotten oder der alte Wintermantel von der Oma, wir nehmen alles an saisonaler Kleidung an! Achtet allerdings nur darauf, dass alles in gutem Zustand ist (ohne Mottenl\u00f6cher oder Flecken zum Beispiel), am besten schon gewaschen. Wenn es kein Schildchen mehr hat, kein Problem. Gerne k\u00f6nnt ihr auch Schuhe und Taschen zu uns bringen. Bei uns gibt&#8217;s selbstverst\u00e4ndlich eine Umkleidekabine und auch Spiegel, damit ihr sehen k\u00f6nnt, was f\u00fcr einen sch\u00f6nen Hintern die Jeans macht ;). Danke f\u00fcr euren Beitrag f\u00fcr eine nachhaltige Zukunft! Und weil diese Frage oft gestellt wird: Der Kleidertausch ist fester Bestandteil des Repair Caf\u00e9 Mainz &#8211; wenn ein Reparaturtermin stattfindet, dann k\u00f6nnt ihr auch den Kleidertausch besuchen. F\u00fcnf Gr\u00fcnde, warum tauschen besser ist als wegwerfen: 1.\u2002Die Nachhaltigkeitsversprechen von 59% aller Modelabels sind gelogen. 2.\u2002Jedes Jahr werden pro Mensch auf der Erde 14 Kleidungsst\u00fccke produziert und Modefirmen bringen jede dritte Woche eine neue Kollektion heraus. 3. \u00dcber 85% aller produzierten Kleidung landet im M\u00fcll oder wird verbrannt. 4. Die Modeindustrie verursacht mehr Umweltverschmutzung als Schiff- und Luftfahrt. 5. 60% unserer Kleidung ist aus plastikbasierten Fasern (Polyester, Elasthan etc.). Wer also seinen \u00f6kologischen Fu\u00dfabdruck reduzieren und Plastik sparen will, der tauscht oder shoppt secondhand, statt wegzuwerfen und neu zu kaufen. Quelle: https:\/\/earth.org\/fast-fashion-facts\/<\/p>\n","protected":false},"author":1,"featured_media":0,"parent":0,"menu_order":0,"comment_status":"closed","ping_status":"closed","template":"","meta":{"footnotes":""},"class_list":["post-163","page","type-page","status-publish","hentry"],"_links":{"self":[{"href":"https:\/\/repaircafemainz.org\/index.php?rest_route=\/wp\/v2\/pages\/163","targetHints":{"allow":["GET"]}}],"collection":[{"href":"https:\/\/repaircafemainz.org\/index.php?rest_route=\/wp\/v2\/pages"}],"about":[{"href":"https:\/\/repaircafemainz.org\/index.php?rest_route=\/wp\/v2\/types\/page"}],"author":[{"embeddable":true,"href":"https:\/\/repaircafemainz.org\/index.php?rest_route=\/wp\/v2\/users\/1"}],"replies":[{"embeddable":true,"href":"https:\/\/repaircafemainz.org\/index.php?rest_route=%2Fwp%2Fv2%2Fcomments&post=163"}],"version-history":[{"count":29,"href":"https:\/\/repaircafemainz.org\/index.php?rest_route=\/wp\/v2\/pages\/163\/revisions"}],"predecessor-version":[{"id":1043,"href":"https:\/\/repaircafemainz.org\/index.php?rest_route=\/wp\/v2\/pages\/163\/revisions\/1043"}],"wp:attachment":[{"href":"https:\/\/repaircafemainz.org\/index.php?rest_route=%2Fwp%2Fv2%2Fmedia&parent=163"}],"curies":[{"name":"wp","href":"https:\/\/api.w.org\/{rel}","templated":true}]}}