{"id":118,"date":"2020-07-18T19:06:57","date_gmt":"2020-07-18T19:06:57","guid":{"rendered":"http:\/\/repaircafe.3d-assist.com\/?page_id=118"},"modified":"2020-07-18T20:58:12","modified_gmt":"2020-07-18T20:58:12","slug":"hausregeln","status":"publish","type":"page","link":"https:\/\/repaircafemainz.org\/?page_id=118","title":{"rendered":"Hausregeln"},"content":{"rendered":"\n<p class=\"has-background has-background-background-color\"><strong>1.<\/strong> Die Aktivit\u00e4ten des Repair Caf\u00e9s werden kostenlos und auf ehrenamtlicher Basis im Repair Caf\u00e9 ausgef\u00fchrt.<br><br><strong>2.<\/strong> Reparaturen werden mit Hilfestellungen zur Selbsthilfe gemeinsam ausgef\u00fchrt.<br><br><strong>3.<\/strong> Das Anbieten von defekten Gegenst\u00e4nden zur Reparatur geschieht auf eigenes Risiko. Weder die OrganisatorInnen des Repair Caf\u00e9s, noch diejenigen, die Hilfestellungen bei Reparaturen geben, sind f\u00fcr m\u00f6gliche Verletzungen von Personen oder etwaige Sch\u00e4den an den zur Reparatur angebotenen Gegenst\u00e4nden, f\u00fcr Folgesch\u00e4den oder andere Sch\u00e4den infolge der Aktivit\u00e4ten des Repair Caf\u00e9s verantwortlich oder haftbar zu machen. Es wird keine Garantie auf die durchgef\u00fchrten Reparaturen gegeben und keine Haftung \u00fcbernommen f\u00fcr den Fall, dass Gegenst\u00e4nde, die im Repair Caf\u00e9 repariert wurden, sp\u00e4ter nicht funktionieren sollten.<br><br><strong>4.<\/strong> Ein freiwilliger Beitrag f\u00fcr den Erhalt des Repair Caf\u00e9s wird sehr gesch\u00e4tzt.<br><br><strong>5.<\/strong> Neue Materialien (wie z.B. Elektrizit\u00e4tskabel, Stecker, Sicherungen, Dichtungen, neue Knieleder oder Applikationen sind nicht kostenlos, sondern m\u00fcssen gesondert bezahlt werden.<br><br><strong>6.<\/strong> Mit Leihgaben wird im Reparatur Caf\u00e9 mit gr\u00f6\u00dftm\u00f6glicher Sorgfalt umgegangen. Eine Garantie bzw. Haftung im Falle von Verlust oder Besch\u00e4digung kann jedoch nicht \u00fcbernommen werden.<br><br><strong>7.<\/strong> Reparaturen bzw. Reparaturversuche erfolgen allein auf freiwilliger Basis; es gibt keine Verpflichtung hierf\u00fcr.<br><br><strong>8.<\/strong> Es besteht keine Verpflichtung, demontierte Ger\u00e4te\/Gegenst\u00e4nde die nicht repariert werden konnten, wieder zusammenzusetzen.<br><br><strong>9.<\/strong> BesucherInnen des Repair Caf\u00e9s sind selbst verantwortlich f\u00fcr die ordnungsgem\u00e4\u00dfe Entsorgung oder Beseitigung von kaputten oder funktionsunt\u00fcchtigen Gegenst\u00e4nden, die nicht repariert werden konnten.<br><br><strong>10.<\/strong> Zur Vermeidung langer Wartezeiten wird bei starkem Zulauf h\u00f6chstens ein Gegenstand je BesucherIn repariert.<br><br><strong>11.<\/strong> Wer nicht fotografiert\/gefilmt \/interviewt werden m\u00f6chte, m\u00f6ge dies bitte mit denjenigen, die Aufnahmen machen, im pers\u00f6nlichen Kontakt m\u00f6glichst rasch kl\u00e4ren. Sonst gehen wir davon aus, dass alle im Repair Caf\u00e9 entstandenen Beitr\u00e4ge ver\u00f6ffentlicht werden k\u00f6nnen, um das Konzept des Repair Caf\u00e9s bekannter zu machen und auch zur Nachahmung anzuregen.<br><br><strong>12.<\/strong> Das Repair Caf\u00e9 soll ein Ort sein, an dem ein freundliches Miteinander herrscht. Wir bitten alle BesucherInnen herzlich, hierzu beizutragen!<\/p>\n","protected":false},"excerpt":{"rendered":"<p>1. Die Aktivit\u00e4ten des Repair Caf\u00e9s werden kostenlos und auf ehrenamtlicher Basis im Repair Caf\u00e9 ausgef\u00fchrt. 2. Reparaturen werden mit Hilfestellungen zur Selbsthilfe gemeinsam ausgef\u00fchrt. 3. Das Anbieten von defekten Gegenst\u00e4nden zur Reparatur geschieht auf eigenes Risiko. Weder die OrganisatorInnen des Repair Caf\u00e9s, noch diejenigen, die Hilfestellungen bei Reparaturen geben, sind f\u00fcr m\u00f6gliche Verletzungen von Personen oder etwaige Sch\u00e4den an den zur Reparatur angebotenen Gegenst\u00e4nden, f\u00fcr Folgesch\u00e4den oder andere Sch\u00e4den infolge der Aktivit\u00e4ten des Repair Caf\u00e9s verantwortlich oder haftbar zu machen. Es wird keine Garantie auf die durchgef\u00fchrten Reparaturen gegeben und keine Haftung \u00fcbernommen f\u00fcr den Fall, dass Gegenst\u00e4nde, die im Repair Caf\u00e9 repariert wurden, sp\u00e4ter nicht funktionieren sollten. 4. Ein freiwilliger Beitrag f\u00fcr den Erhalt des Repair Caf\u00e9s wird sehr gesch\u00e4tzt. 5. Neue Materialien (wie z.B. Elektrizit\u00e4tskabel, Stecker, Sicherungen, Dichtungen, neue Knieleder oder Applikationen sind nicht kostenlos, sondern m\u00fcssen gesondert bezahlt werden. 6. Mit Leihgaben wird im Reparatur Caf\u00e9 mit gr\u00f6\u00dftm\u00f6glicher Sorgfalt umgegangen. Eine Garantie bzw. Haftung im Falle von Verlust oder Besch\u00e4digung kann jedoch nicht \u00fcbernommen werden. 7. Reparaturen bzw. Reparaturversuche erfolgen allein auf freiwilliger Basis; es gibt keine Verpflichtung hierf\u00fcr. 8. Es besteht keine Verpflichtung, demontierte Ger\u00e4te\/Gegenst\u00e4nde die nicht repariert werden konnten, wieder zusammenzusetzen. 9. BesucherInnen des Repair Caf\u00e9s sind selbst verantwortlich f\u00fcr die ordnungsgem\u00e4\u00dfe Entsorgung oder Beseitigung von kaputten oder funktionsunt\u00fcchtigen Gegenst\u00e4nden, die nicht repariert werden konnten. 10. Zur Vermeidung langer Wartezeiten wird bei starkem Zulauf h\u00f6chstens ein Gegenstand je BesucherIn repariert. 11. Wer nicht fotografiert\/gefilmt \/interviewt werden m\u00f6chte, m\u00f6ge dies bitte mit denjenigen, die Aufnahmen machen, im pers\u00f6nlichen Kontakt m\u00f6glichst rasch kl\u00e4ren. Sonst gehen wir davon aus, dass alle im Repair Caf\u00e9 entstandenen Beitr\u00e4ge ver\u00f6ffentlicht werden k\u00f6nnen, um das Konzept des Repair Caf\u00e9s bekannter zu machen und auch zur Nachahmung anzuregen. 12. Das Repair Caf\u00e9 soll ein Ort sein, an dem ein freundliches Miteinander herrscht. Wir bitten alle BesucherInnen herzlich, hierzu beizutragen!<\/p>\n","protected":false},"author":1,"featured_media":0,"parent":0,"menu_order":0,"comment_status":"closed","ping_status":"closed","template":"","meta":{"footnotes":""},"class_list":["post-118","page","type-page","status-publish","hentry"],"_links":{"self":[{"href":"https:\/\/repaircafemainz.org\/index.php?rest_route=\/wp\/v2\/pages\/118","targetHints":{"allow":["GET"]}}],"collection":[{"href":"https:\/\/repaircafemainz.org\/index.php?rest_route=\/wp\/v2\/pages"}],"about":[{"href":"https:\/\/repaircafemainz.org\/index.php?rest_route=\/wp\/v2\/types\/page"}],"author":[{"embeddable":true,"href":"https:\/\/repaircafemainz.org\/index.php?rest_route=\/wp\/v2\/users\/1"}],"replies":[{"embeddable":true,"href":"https:\/\/repaircafemainz.org\/index.php?rest_route=%2Fwp%2Fv2%2Fcomments&post=118"}],"version-history":[{"count":2,"href":"https:\/\/repaircafemainz.org\/index.php?rest_route=\/wp\/v2\/pages\/118\/revisions"}],"predecessor-version":[{"id":135,"href":"https:\/\/repaircafemainz.org\/index.php?rest_route=\/wp\/v2\/pages\/118\/revisions\/135"}],"wp:attachment":[{"href":"https:\/\/repaircafemainz.org\/index.php?rest_route=%2Fwp%2Fv2%2Fmedia&parent=118"}],"curies":[{"name":"wp","href":"https:\/\/api.w.org\/{rel}","templated":true}]}}